{"id":2,"date":"2016-06-01T09:05:30","date_gmt":"2016-06-01T06:05:30","guid":{"rendered":"http:\/\/poseidonagency.com\/?page_id=2"},"modified":"2016-07-02T14:56:18","modified_gmt":"2016-07-02T10:56:18","slug":"sample-page","status":"publish","type":"page","link":"https:\/\/poseidonagency.com\/de\/","title":{"rendered":"Startseite"},"content":{"rendered":"<div class=\"su-row\"><div class=\"su-column su-column-size-1-2\"><div class=\"su-column-inner su-u-clearfix su-u-trim\">Willkommen bei der Agentur \u201ePoseidoni\u201c  in der Stadt Batumi (Georgien). Batumi ist  die Stadt der starken maritimen Tradition,wo viele Seeleute wohnen.<\/p>\n<p>Die Agentur \u201ePoseidoni\u201c wurde  im Jahr 2006 als unabh\u00e4ngiges Crewing Unternehmen gegr\u00fcndet. Wir begannen mit einem  ber\u00fchmten \u00d6lunternehmen  des Mittelmeers zu arbeiten, und sp\u00e4ter haben wir die Zusammenarbeit  mit anderen namhaften Unternehmen des  Mittelmeers  erweitert.<\/p>\n<p>Seit einigen Jahren unsere Kunden beachten  unsere hohe Servicequalit\u00e4t und Zuverl\u00e4ssigkeit, jetzt f\u00fchren wir die Crewingsdienstleistungen f\u00fcr die Crewing  Unternehmen auf der ganzen Welt, wir betrauen  die Seeleute auf den Chemikalien- und \u00d6ltankern zu arbeiten.<br \/>\n<\/div><\/div><div class=\"su-column su-column-size-1-2\"><div class=\"su-column-inner su-u-clearfix su-u-trim\">In unserem Unternehmen arbeiten Maritime Hochschulabsolventen, hochqualifizierte und erfahrene Spezialisten. Unser Personal ist bereit, 24 Stunden am Tag, 7 Tage in der Woche, den Schiffseignern den professionellen, individuellen und p\u00fcnktlichen Dienst zu leisten.<\/p>\n<p>Die Agentur \u201ePoseidoni\u201c stellt fest, dass die Grundlage   jeder T\u00e4tigkeit genau  die Seeleute ist .Sie sind  der Schl\u00fcsselfaktor  des sicheren und  ruhigen Dienstes des Schiffes. Wir verstehen, dass der wichtigste Faktor  beim Crew-Managementdie Verwaltung der Schiffsmannschaft. Wir stellen fest, der Schutz der  Interessen des Schiffes  und der Schiffseigner ist ,die kompetenten und zuverl\u00e4ssigen Seuleute zu betrauen. Wir interessieren uns f\u00fcr unsere Kunden und Seeleute.<br \/>\n<\/div><\/div><\/div>\n<div class=\"su-row\"><div class=\"su-column su-column-size-1-3\"><div class=\"su-column-inner su-u-clearfix su-u-trim\"><div class=\"su-button-center\"><a href=\"https:\/\/poseidonagency.com\/de\/application\/\" class=\"su-button su-button-style-ghost su-button-wide\" style=\"color:#FFFFFF;background-color:#FFF;border-color:#cccccc;border-radius:3px\" target=\"_self\"><span style=\"color:#FFFFFF;padding:8px 26px;font-size:20px;line-height:30px;border-color:#ffffff;border-radius:3px;text-shadow:0px 0px 2px #000\"><i class=\"sui sui-edit\" style=\"font-size:20px;color:#FFFFFF\"><\/i> Anwendung<\/span><\/a><\/div><\/div><\/div> <div class=\"su-column su-column-size-1-3\"><div class=\"su-column-inner su-u-clearfix su-u-trim\"><div class=\"su-button-center\"><a href=\"https:\/\/poseidonagency.com\/de\/vacancies\/\" class=\"su-button su-button-style-ghost su-button-wide\" style=\"color:#FFFFFF;background-color:#FFF;border-color:#cccccc;border-radius:3px\" target=\"_self\"><span style=\"color:#FFFFFF;padding:8px 26px;font-size:20px;line-height:30px;border-color:#ffffff;border-radius:3px;text-shadow:0px 0px 2px #000\"><i class=\"sui sui-anchor\" style=\"font-size:20px;color:#FFFFFF\"><\/i> Jobs<\/span><\/a><\/div><\/div><\/div><div class=\"su-column su-column-size-1-3\"><div class=\"su-column-inner su-u-clearfix su-u-trim\"><div class=\"su-button-center\"><a href=\"https:\/\/poseidonagency.com\/de\/services\/\" class=\"su-button su-button-style-ghost su-button-wide\" style=\"color:#FFFFFF;background-color:#FFF;border-color:#cccccc;border-radius:3px\" target=\"_self\"><span style=\"color:#FFFFFF;padding:8px 26px;font-size:20px;line-height:30px;border-color:#ffffff;border-radius:3px;text-shadow:0px 0px 2px #000\"><i class=\"sui sui-cog\" style=\"font-size:20px;color:#FFFFFF\"><\/i> Dienst<\/span><\/a><\/div><\/div><\/div><\/div>","protected":false},"excerpt":{"rendered":"","protected":false},"author":1,"featured_media":0,"parent":0,"menu_order":0,"comment_status":"closed","ping_status":"closed","template":"","meta":{"footnotes":""},"class_list":["post-2","page","type-page","status-publish","hentry"],"_links":{"self":[{"href":"https:\/\/poseidonagency.com\/de\/wp-json\/wp\/v2\/pages\/2","targetHints":{"allow":["GET"]}}],"collection":[{"href":"https:\/\/poseidonagency.com\/de\/wp-json\/wp\/v2\/pages"}],"about":[{"href":"https:\/\/poseidonagency.com\/de\/wp-json\/wp\/v2\/types\/page"}],"author":[{"embeddable":true,"href":"https:\/\/poseidonagency.com\/de\/wp-json\/wp\/v2\/users\/1"}],"replies":[{"embeddable":true,"href":"https:\/\/poseidonagency.com\/de\/wp-json\/wp\/v2\/comments?post=2"}],"version-history":[{"count":1,"href":"https:\/\/poseidonagency.com\/de\/wp-json\/wp\/v2\/pages\/2\/revisions"}],"predecessor-version":[{"id":115,"href":"https:\/\/poseidonagency.com\/de\/wp-json\/wp\/v2\/pages\/2\/revisions\/115"}],"wp:attachment":[{"href":"https:\/\/poseidonagency.com\/de\/wp-json\/wp\/v2\/media?parent=2"}],"curies":[{"name":"wp","href":"https:\/\/api.w.org\/{rel}","templated":true}]}}